{"id":166,"date":"2021-12-11T22:09:07","date_gmt":"2021-12-11T21:09:07","guid":{"rendered":"http:\/\/www.korreckt.lu\/?page_id=166"},"modified":"2021-12-11T22:09:08","modified_gmt":"2021-12-11T21:09:08","slug":"praisbeispiller","status":"publish","type":"page","link":"https:\/\/www.korreckt.lu\/index.php\/praisbeispiller\/","title":{"rendered":"Pr\u00e4isbeispiller"},"content":{"rendered":"\n<div class=\"wp-block-group\"><div class=\"wp-block-group__inner-container\">\n<p>Korrekturliese (Rechtschreiwung, Zeechesetzung, Grammatik) vun engem journalisteschen Text am \u00cbmfang vun 10 Norms\u00e4iten:<\/p>\n\n\n\n<p>9,00 EUR\/ Norms\u00e4it x 10 Norms\u00e4iten = 90,00 EUR TTC<\/p>\n\n\n\n<p>Lektorat vun enger Bacheloraarbecht am \u00cbmfang vu 50 Norms\u00e4iten:<\/p>\n\n\n\n<p>7,00 EUR\/Norms\u00e4it x 50 Norms\u00e4iten = 350,00 EUR TTC<\/p>\n\n\n\n<p>Lektorat an Iwwersetzung vun enger Dissertatioun am \u00cbmfang vu 100 Norms\u00e4iten:<\/p>\n\n\n\n<p>12,00 EUR\/Norms\u00e4it x 100 Norms\u00e4iten = 1.200,00 EUR TTC<\/p>\n\n\n\n<p>Iwwersetzungslektorat vun enger Publicit\u00e9itsbrochure op D\u00e4itsch (Ofgl\u00e4ich mam Original mat abegraff), \u00cbmfang 40 Norms\u00e4iten:<\/p>\n\n\n\n<p>13,00 EUR\/Norms\u00e4it x 40 Norms\u00e4iten = 520,00 EUR TTC<\/p>\n\n\n\n<p>Iwwersetzung vun engem Website-Text op L\u00ebtzebuergesch (Ofgl\u00e4ich mam Original mat abegraff), \u00cbmfang 50 Normzeilen:<\/p>\n\n\n\n<p>5,50 EUR\/Normzeil x 50 Normzeilen = 275,00 EUR TTC<\/p>\n\n\n\n<p>Transkriptioun vun enger Audio-Datei am \u00cbmfang vun 30 Minutten:<\/p>\n\n\n\n<p>4,50 EUR\/Minutt x 30 Minutten = 135,00 EUR TTC<\/p>\n<\/div><\/div>\n\n\n\n<p><strong><em>Portok\u00e4schten<\/em><\/strong><\/p>\n\n\n\n<div class=\"wp-block-group\"><div class=\"wp-block-group__inner-container\">\n<p>Am Normalfall versch\u00e9ckt KorrekturEck S\u00e0rl-S d\u00e9i vun eis erstallten oder beaarbecht Fichieren op elektroneschem Wee per E-Mail oder iwwer d\u2019Plattform WeTransfer als Download-Link. An d\u00ebsem Fall ass d\u2019Liwwerung natierlech gratis.<\/p>\n\n\n\n<p>Wann e physesche Versand noutwenneg oder vum Client explizit gew\u00ebnscht g\u00ebtt, stellt KorrekturEck S\u00e0rl-S d\u00e9i ufalend Portok\u00e4schten a Rechnung. Iwwer d\u2019H\u00e9icht vun d\u00ebse K\u00e4schten inform\u00e9iere mir eis Clienten am Viraus, sou w\u00e4it se virdru bekannt oder an Erfarung bruecht k\u00ebnne ginn.<\/p>\n<\/div><\/div>\n","protected":false},"excerpt":{"rendered":"<p>Korrekturliese (Rechtschreiwung, Zeechesetzung, Grammatik) vun engem journalisteschen Text am \u00cbmfang vun 10 Norms\u00e4iten: 9,00 EUR\/ Norms\u00e4it x 10 Norms\u00e4iten = 90,00 EUR TTC Lektorat vun enger Bacheloraarbecht am \u00cbmfang vu 50 Norms\u00e4iten: 7,00 EUR\/Norms\u00e4it x 50 Norms\u00e4iten = 350,00 EUR TTC Lektorat an Iwwersetzung vun enger Dissertatioun am \u00cbmfang vu 100 Norms\u00e4iten: 12,00 EUR\/Norms\u00e4it x &hellip; <\/p>\n<p class=\"link-more\"><a href=\"https:\/\/www.korreckt.lu\/index.php\/praisbeispiller\/\" class=\"more-link\">Continuer la lecture<span class=\"screen-reader-text\"> de &laquo;&nbsp;Pr\u00e4isbeispiller&nbsp;&raquo;<\/span><\/a><\/p>\n","protected":false},"author":1,"featured_media":0,"parent":0,"menu_order":0,"comment_status":"closed","ping_status":"closed","template":"","meta":[],"_links":{"self":[{"href":"https:\/\/www.korreckt.lu\/index.php\/wp-json\/wp\/v2\/pages\/166"}],"collection":[{"href":"https:\/\/www.korreckt.lu\/index.php\/wp-json\/wp\/v2\/pages"}],"about":[{"href":"https:\/\/www.korreckt.lu\/index.php\/wp-json\/wp\/v2\/types\/page"}],"author":[{"embeddable":true,"href":"https:\/\/www.korreckt.lu\/index.php\/wp-json\/wp\/v2\/users\/1"}],"replies":[{"embeddable":true,"href":"https:\/\/www.korreckt.lu\/index.php\/wp-json\/wp\/v2\/comments?post=166"}],"version-history":[{"count":1,"href":"https:\/\/www.korreckt.lu\/index.php\/wp-json\/wp\/v2\/pages\/166\/revisions"}],"predecessor-version":[{"id":167,"href":"https:\/\/www.korreckt.lu\/index.php\/wp-json\/wp\/v2\/pages\/166\/revisions\/167"}],"wp:attachment":[{"href":"https:\/\/www.korreckt.lu\/index.php\/wp-json\/wp\/v2\/media?parent=166"}],"curies":[{"name":"wp","href":"https:\/\/api.w.org\/{rel}","templated":true}]}}